{"id":58,"date":"2016-06-13T16:11:07","date_gmt":"2016-06-13T16:11:07","guid":{"rendered":"http:\/\/sw-themes.com\/porto_dummy\/?page_id=58"},"modified":"2021-11-19T08:14:29","modified_gmt":"2021-11-19T07:14:29","slug":"condizioni-vendita","status":"publish","type":"page","link":"https:\/\/shop.puntouno.it\/areatest\/condizioni-vendita\/","title":{"rendered":"CONDIZIONI DI VENDITA"},"content":{"rendered":"<p>[vc_row][vc_column offset=&#8221;vc_col-md-10 vc_col-xs-12&#8243;][vc_column_text el_class=&#8221;featured lead&#8221;]<\/p>\n<h1 class=\"page-heading\">CONDIZIONI DI VENDITA<\/h1>\n<p>[\/vc_column_text][\/vc_column][\/vc_row][vc_row][vc_column][vc_custom_heading text=&#8221;&#8221; font_container=&#8221;tag:h3|text_align:left&#8221; use_theme_fonts=&#8221;yes&#8221;][vc_separator color=&#8221;custom&#8221; gap=&#8221;tall&#8221; gradient=&#8221;yes&#8221;][vc_column_text]<\/p>\n<p style=\"text-align: justify;\">Le presenti condizioni generali di vendita (le &#8220;Condizioni Generali&#8221;) disciplinano le modalit\u00e0 e le condizioni di vendita dei prodotti commercializzati da Puntouno Commerciale Srl (i &#8220;Prodotti&#8221;). Tutti i contratti per la vendita di Prodotti da parte di Puntouno Commerciale S.r.l.\u00a0 a terzi (i &#8220;Clienti&#8221;) sono regolati dalle presenti Condizioni Generali, le quali formano parte integrante e sostanziale di ogni proposta, ordine e conferma d&#8217;ordine di acquisto dei Prodotti stessi. Le condizioni di vendita applicabili al tuo ordine sono quelle in vigore alla data dell&#8217;ordine stesso.<\/p>\n<p style=\"text-align: justify;\">1. Prodotti: prezzi e caratteristiche<br \/>\n1.1 Salvo ove diversamente indicato, i prezzi dei Prodotti pubblicati da Puntouno Commerciale S.r.l.\u00a0 devono intendersi ESCLUSI DI IVA. I prezzi dei Prodotti di volta in volta pubblicati da Puntouno Commerciale S.r.l.\u00a0 annullano e sostituiscono i precedenti e sono subordinati alla effettiva disponibilit\u00e0 dei Prodotti. Puntouno Commerciale S.r.l.\u00a0 si riserva il diritto di confermare ovvero di modificare i prezzi dei Prodotti pubblicati nel proprio sito internet o in opuscoli informativi e materiale pubblicitario, al momento della conferma dell&#8217;ordine del Cliente.<br \/>\n1.2 Le caratteristiche tecniche e funzionali relative ai Prodotti pubblicate da Puntouno Commerciale S.r.l.\u00a0 attraverso propri messaggi promozionali ed opuscoli informativi sono quelle comunicate dai rispettivi produttori. Puntouno Commerciale S.r.l.\u00a0 non assume alcuna responsabilit\u00e0 riguardo la veridicit\u00e0 e completezza di tali informazioni. Salvo ove diversamente indicato, la manualistica relativa ai Prodotti \u00e8 in lingua italiana. Le immagini dei prodotti sono indicative e non vincolanti.<br \/>\n1.3 I Prodotti non vengono forniti in prova salvo accordi differenti da valutare volta per volta. Nonostante gli operatori Puntouno Commerciale S.r.l.\u00a0 possano fornire indicazioni sulle caratteristiche dei Prodotti, il Cliente \u00e8 responsabile della scelta dei Prodotti ordinati e della rispondenza e conformit\u00e0 delle specifiche indicate da ciascun produttore alle proprie esigenze.<\/p>\n<p style=\"text-align: justify;\">2. Ordini &#8211; fatturazione<br \/>\n2.1 Tutti gli ordini di acquisto di Prodotti trasmessi a Puntouno Commerciale S.r.l.\u00a0 dovranno essere completi in ogni loro parte e dovranno contenere tutti gli elementi necessari per la corretta individuazione dei Prodotti ordinati. Ciascun ordine di Prodotti trasmesso a Puntouno Commerciale S.r.l.\u00a0 costituisce proposta contrattuale del Cliente e, pertanto, sar\u00e0 vincolante per Puntouno Commerciale S.r.l.\u00a0 solo se dalla stessa confermato per accettazione. L&#8217;evasione dell&#8217;ordine da parte di Puntouno Commerciale S.r.l, equivale a conferma ed accettazione dello stesso. Il minimo d&#8217;ordine \u00e8 di \u20ac 200 + iva.<br \/>\n2.2 Puntouno Commerciale S.r.l.\u00a0 si riserva il diritto di non accettare ordini incompleti, non debitamente compilati. In caso di mancata esecuzione dell&#8217;ordine da parte di Puntouno Commerciale S.r.l.\u00a0 (qualora la stessa sia dovuta ad indisponibilit\u00e0 dei Prodotti ordinati dal Cliente) Puntouno\u00a0Commerciale\u00a0S.r.l.\u00a0 provveder\u00e0 al pi\u00f9 presto ad informare il Cliente, rimborsando le somme da questi eventualmente gi\u00e0 versate a fronte della fornitura non eseguita. In tal caso il Cliente non avr\u00e0 diritto ad alcun rimborso n\u00e9 ad indennizzi o risarcimenti di sorta.<br \/>\n2.3 La documentazione fiscale relativa ai Prodotti ordinati verr\u00e0 emessa da Puntouno Commerciale S.r.l.\u00a0 al momento della spedizione dei Prodotti stessi al Cliente sotto forma di fattura fiscale.<\/p>\n<p style=\"text-align: justify;\">3. Consegna dei Prodotti<br \/>\n3.1 Tutte le spese di consegna dei Prodotti sono a Carico del Cliente. Le consegne vengono normalmente effettuate tramite corriere. In caso di spedizioni in contrassegno a mezzo corriere, la consegna dei Prodotti \u00e8 subordinata al pagamento, da parte del Cliente, del relativo prezzo in contanti o assegno. Puntouno Commerciale S.r.l.\u00a0 ha il diritto, a proprio insindacabile giudizio, di effettuare la consegna dei Prodotti ordinati a mezzo di un corriere diverso o tramite altro mezzo che ritenga opportuno. Salvo ove diversamente indicato, tutte le consegne vengono effettuate al piano stradale.<br \/>\n3.2 I termini di consegna indicati da Puntouno Commerciale S.r.l.\u00a0 si riferiscono ai Prodotti presenti presso i propri magazzini e, pur essendo attentamente valutati, devono intendersi non vincolanti per Puntouno Commerciale S.r.l, la quale pu\u00f2 successivamente confermarli o modificarli, a seconda delle proprie effettive esigenze. Eventuali ritardi nelle consegne inferiori a 30 (trenta) giorni non danno diritto al Cliente di rifiutare la consegna dei Prodotti, n\u00e8 di pretendere risarcimenti o indennizzi di sorta.<br \/>\n3.4 Puntouno Commerciale S.r.l.\u00a0 ha il diritto di effettuare la consegna dei Prodotti (anche relativa ad uno stesso ordine) in pi\u00f9 consegne successive fermo restando, in tal caso, un solo addebito al Cliente a titolo di spese di trasporto.<br \/>\n3.5 Condizioni e termini di consegna particolari dovranno essere preventivamente concordate tra il Cliente e Puntouno Commerciale S.r.l.\u00a0 ed accettate per iscritto da Puntouno Commerciale S.r.l.<\/p>\n<p style=\"text-align: justify;\">4. Garanzie sui Prodotti &#8211; Assistenza tecnica<br \/>\n4.1 Puntouno Commerciale S.r.l.\u00a0 garantisce la sola integrit\u00e0 materiale dei Prodotti al momento della consegna. Eventuali difetti dovranno essere denunciati dal Cliente, a pena di decadenza, entro e non oltre 8 (otto) giorni dalla data di consegna. In caso di operativit\u00e0 della Garanzia, il Cliente avr\u00e0 diritto alla sola sostituzione dei Prodotti danneggiati dietro restituzione degli stessi, essendo escluso il diritto del Cliente al risarcimento di qualsivoglia danno, anche ulteriore. Le spese di spedizione necessarie per la sostituzione di Prodotti sono a carico del cliente.<br \/>\n4.2 Fermo restando quanto previsto al precedente articolo 4.1, Puntouno Commerciale S.r.l.\u00a0 non presta sui Prodotti alcuna garanzia ulteriore rispetto a quella prestata dai singoli Produttori. L&#8217;assistenza tecnica e gli interventi in garanzia sui Prodotti vengono effettuati, ove previsti, a cura dei singoli Produttori, secondo i termini e le modalit\u00e0 riportati nella documentazione allegata ai Prodotti stessi. In particolare, Puntouno Commerciale S.r.l.\u00a0 non presta alcuna garanzia circa la compatibilit\u00e0 dei Prodotti con altri prodotti o apparecchiature utilizzate dal Cliente, n\u00e8 presta alcuna garanzia riguardo l&#8217;idoneit\u00e0 dei Prodotti per l&#8217;uso specifico pensato dal Cliente.<br \/>\n4.3 Fatte salve le ipotesi di dolo o colpa grave di Puntouno Commerciale S.r.l, \u00e8 sin d&#8217;ora convenuto che, qualora fosse accertata la responsabilit\u00e0 di Puntouno Commerciale S.r.l.\u00a0 a qualsiasi titolo nei confronti del Cliente &#8211; ivi compreso il caso dell&#8217;inadempimento, totale o parziale, agli obblighi assunti da Puntouno Commerciale S.r.l. nei confronti del Cliente per effetto dell&#8217;esecuzione di un ordine &#8211; la responsabilit\u00e0 di Puntouno Commerciale S.r.l. non potr\u00e0 essere superiore al prezzo dei Prodotti acquistati dal Cliente e per i quali sia sorta la contestazione.<\/p>\n<p style=\"text-align: justify;\">5. Resi e reclami &#8211; Non si accettano cambi, sostituzioni e resi di merce. Eventuali contestazioni per merce pervenuta difettosa o danneggiata devono essere inviate a mezzo PEC o lettera raccomandata A.R. a Puntouno Commerciale s.r.l. entro e non oltre 8 (otto) giorni dal ricevimento della merce, e dovranno riportare il codice, il numero di pezzi, il numero e la data della fattura di riferimento dei prodotti segnalati. Si richiede inoltre di allegare una foto di tutti i prodotti danneggiati. La restituzione della merce deve essere preventivamente autorizzata da Puntouno Commerciale s.r.l. I resi autorizzati dovranno essere inviati a Puntouno Commerciale s.r.l. in porto franco, corredati da regolare bolla d&#8217;accompagnamento e dai relativi estremi d&#8217;acquisto.<\/p>\n<p style=\"text-align: justify;\">6. Foro competente &#8211; Ferma restando l\u2019applicabilit\u00e0 delle norme di cui al D.l.vo 24\/2002 qualsiasi controversia relativa alla conclusione, interpretazione, esecuzione e risoluzione del presente contratto dovr\u00e0 essere preliminarmente oggetto di procedimento di mediazione da esperirsi presso il competente organismo di mediazione della C.C.I.A.A. di Pistoia. Ai sensi e per gli effetti di cui agli articoli 1341 e 1342 del codice civile il Cliente dichiara di avere attentamente letto e compreso e di accettare specificamente le seguenti clausole delle Condizioni Generali di vendita Puntouno Commerciale S.r.l: 1.1, 1.2, 1.3, 2.1, 2.2, 2.3, 3.1, 3.2, 3.3, 3.4, 3.5, 4.1, 4.2, 4.3, 5 e 6<\/p>\n<p>[\/vc_column_text][\/vc_column][\/vc_row]<\/p>\n","protected":false},"excerpt":{"rendered":"<p>[vc_row][vc_column offset=&#8221;vc_col-md-10 vc_col-xs-12&#8243;][vc_column_text el_class=&#8221;featured lead&#8221;] CONDIZIONI DI VENDITA [\/vc_column_text][\/vc_column][\/vc_row][vc_row][vc_column][vc_custom_heading text=&#8221;&#8221; font_container=&#8221;tag:h3|text_align:left&#8221; use_theme_fonts=&#8221;yes&#8221;][vc_separator color=&#8221;custom&#8221; gap=&#8221;tall&#8221; gradient=&#8221;yes&#8221;][vc_column_text] Le presenti condizioni generali di vendita (le &#8220;Condizioni Generali&#8221;) disciplinano le modalit\u00e0 e le condizioni di vendita dei prodotti commercializzati da Puntouno Commerciale Srl (i &#8220;Prodotti&#8221;). Tutti i contratti per la vendita di Prodotti da parte di Puntouno Commerciale S.r.l.\u00a0 [&hellip;]<\/p>\n","protected":false},"author":1,"featured_media":0,"parent":0,"menu_order":0,"comment_status":"closed","ping_status":"closed","template":"","meta":[],"yoast_head":"<!-- This site is optimized with the Yoast SEO plugin v21.8.1 - https:\/\/yoast.com\/wordpress\/plugins\/seo\/ -->\n<title>CONDIZIONI DI VENDITA - PuntoUno<\/title>\n<meta name=\"robots\" content=\"index, follow, max-snippet:-1, max-image-preview:large, max-video-preview:-1\" \/>\n<link rel=\"canonical\" href=\"https:\/\/shop.puntouno.it\/areatest\/condizioni-vendita\/\" \/>\n<meta property=\"og:locale\" content=\"it_IT\" \/>\n<meta property=\"og:type\" content=\"article\" \/>\n<meta property=\"og:title\" content=\"CONDIZIONI DI VENDITA - PuntoUno\" \/>\n<meta property=\"og:description\" content=\"[vc_row][vc_column offset=&#8221;vc_col-md-10 vc_col-xs-12&#8243;][vc_column_text el_class=&#8221;featured lead&#8221;] CONDIZIONI DI VENDITA [\/vc_column_text][\/vc_column][\/vc_row][vc_row][vc_column][vc_custom_heading text=&#8221;&#8221; font_container=&#8221;tag:h3|text_align:left&#8221; use_theme_fonts=&#8221;yes&#8221;][vc_separator color=&#8221;custom&#8221; gap=&#8221;tall&#8221; gradient=&#8221;yes&#8221;][vc_column_text] Le presenti condizioni generali di vendita (le &#8220;Condizioni Generali&#8221;) disciplinano le modalit\u00e0 e le condizioni di vendita dei prodotti commercializzati da Puntouno Commerciale Srl (i &#8220;Prodotti&#8221;). Tutti i contratti per la vendita di Prodotti da parte di Puntouno Commerciale S.r.l.\u00a0 [&hellip;]\" \/>\n<meta property=\"og:url\" content=\"https:\/\/shop.puntouno.it\/areatest\/condizioni-vendita\/\" \/>\n<meta property=\"og:site_name\" content=\"PuntoUno\" \/>\n<meta property=\"article:publisher\" content=\"https:\/\/www.facebook.com\/puntounopescia?_ga=2.146912823.1231967447.1686756641-1531453469.1686320315\" \/>\n<meta property=\"article:modified_time\" content=\"2021-11-19T07:14:29+00:00\" \/>\n<meta name=\"twitter:card\" content=\"summary_large_image\" \/>\n<meta name=\"twitter:label1\" content=\"Tempo di lettura stimato\" \/>\n\t<meta name=\"twitter:data1\" content=\"6 minuti\" \/>\n<script type=\"application\/ld+json\" class=\"yoast-schema-graph\">{\"@context\":\"https:\/\/schema.org\",\"@graph\":[{\"@type\":\"WebPage\",\"@id\":\"https:\/\/shop.puntouno.it\/areatest\/condizioni-vendita\/\",\"url\":\"https:\/\/shop.puntouno.it\/areatest\/condizioni-vendita\/\",\"name\":\"CONDIZIONI DI VENDITA - PuntoUno\",\"isPartOf\":{\"@id\":\"https:\/\/shop.puntouno.it\/areatest\/#website\"},\"datePublished\":\"2016-06-13T16:11:07+00:00\",\"dateModified\":\"2021-11-19T07:14:29+00:00\",\"breadcrumb\":{\"@id\":\"https:\/\/shop.puntouno.it\/areatest\/condizioni-vendita\/#breadcrumb\"},\"inLanguage\":\"it-IT\",\"potentialAction\":[{\"@type\":\"ReadAction\",\"target\":[\"https:\/\/shop.puntouno.it\/areatest\/condizioni-vendita\/\"]}]},{\"@type\":\"BreadcrumbList\",\"@id\":\"https:\/\/shop.puntouno.it\/areatest\/condizioni-vendita\/#breadcrumb\",\"itemListElement\":[{\"@type\":\"ListItem\",\"position\":1,\"name\":\"Home\",\"item\":\"https:\/\/shop.puntouno.it\/areatest\/\"},{\"@type\":\"ListItem\",\"position\":2,\"name\":\"CONDIZIONI DI VENDITA\"}]},{\"@type\":\"WebSite\",\"@id\":\"https:\/\/shop.puntouno.it\/areatest\/#website\",\"url\":\"https:\/\/shop.puntouno.it\/areatest\/\",\"name\":\"PuntoUno\",\"description\":\"Webshop\",\"potentialAction\":[{\"@type\":\"SearchAction\",\"target\":{\"@type\":\"EntryPoint\",\"urlTemplate\":\"https:\/\/shop.puntouno.it\/areatest\/?s={search_term_string}\"},\"query-input\":\"required name=search_term_string\"}],\"inLanguage\":\"it-IT\"}]}<\/script>\n<!-- \/ Yoast SEO plugin. -->","yoast_head_json":{"title":"CONDIZIONI DI VENDITA - PuntoUno","robots":{"index":"index","follow":"follow","max-snippet":"max-snippet:-1","max-image-preview":"max-image-preview:large","max-video-preview":"max-video-preview:-1"},"canonical":"https:\/\/shop.puntouno.it\/areatest\/condizioni-vendita\/","og_locale":"it_IT","og_type":"article","og_title":"CONDIZIONI DI VENDITA - PuntoUno","og_description":"[vc_row][vc_column offset=&#8221;vc_col-md-10 vc_col-xs-12&#8243;][vc_column_text el_class=&#8221;featured lead&#8221;] CONDIZIONI DI VENDITA [\/vc_column_text][\/vc_column][\/vc_row][vc_row][vc_column][vc_custom_heading text=&#8221;&#8221; font_container=&#8221;tag:h3|text_align:left&#8221; use_theme_fonts=&#8221;yes&#8221;][vc_separator color=&#8221;custom&#8221; gap=&#8221;tall&#8221; gradient=&#8221;yes&#8221;][vc_column_text] Le presenti condizioni generali di vendita (le &#8220;Condizioni Generali&#8221;) disciplinano le modalit\u00e0 e le condizioni di vendita dei prodotti commercializzati da Puntouno Commerciale Srl (i &#8220;Prodotti&#8221;). Tutti i contratti per la vendita di Prodotti da parte di Puntouno Commerciale S.r.l.\u00a0 [&hellip;]","og_url":"https:\/\/shop.puntouno.it\/areatest\/condizioni-vendita\/","og_site_name":"PuntoUno","article_publisher":"https:\/\/www.facebook.com\/puntounopescia?_ga=2.146912823.1231967447.1686756641-1531453469.1686320315","article_modified_time":"2021-11-19T07:14:29+00:00","twitter_card":"summary_large_image","twitter_misc":{"Tempo di lettura stimato":"6 minuti"},"schema":{"@context":"https:\/\/schema.org","@graph":[{"@type":"WebPage","@id":"https:\/\/shop.puntouno.it\/areatest\/condizioni-vendita\/","url":"https:\/\/shop.puntouno.it\/areatest\/condizioni-vendita\/","name":"CONDIZIONI DI VENDITA - PuntoUno","isPartOf":{"@id":"https:\/\/shop.puntouno.it\/areatest\/#website"},"datePublished":"2016-06-13T16:11:07+00:00","dateModified":"2021-11-19T07:14:29+00:00","breadcrumb":{"@id":"https:\/\/shop.puntouno.it\/areatest\/condizioni-vendita\/#breadcrumb"},"inLanguage":"it-IT","potentialAction":[{"@type":"ReadAction","target":["https:\/\/shop.puntouno.it\/areatest\/condizioni-vendita\/"]}]},{"@type":"BreadcrumbList","@id":"https:\/\/shop.puntouno.it\/areatest\/condizioni-vendita\/#breadcrumb","itemListElement":[{"@type":"ListItem","position":1,"name":"Home","item":"https:\/\/shop.puntouno.it\/areatest\/"},{"@type":"ListItem","position":2,"name":"CONDIZIONI DI VENDITA"}]},{"@type":"WebSite","@id":"https:\/\/shop.puntouno.it\/areatest\/#website","url":"https:\/\/shop.puntouno.it\/areatest\/","name":"PuntoUno","description":"Webshop","potentialAction":[{"@type":"SearchAction","target":{"@type":"EntryPoint","urlTemplate":"https:\/\/shop.puntouno.it\/areatest\/?s={search_term_string}"},"query-input":"required name=search_term_string"}],"inLanguage":"it-IT"}]}},"_links":{"self":[{"href":"https:\/\/shop.puntouno.it\/areatest\/wp-json\/wp\/v2\/pages\/58"}],"collection":[{"href":"https:\/\/shop.puntouno.it\/areatest\/wp-json\/wp\/v2\/pages"}],"about":[{"href":"https:\/\/shop.puntouno.it\/areatest\/wp-json\/wp\/v2\/types\/page"}],"author":[{"embeddable":true,"href":"https:\/\/shop.puntouno.it\/areatest\/wp-json\/wp\/v2\/users\/1"}],"replies":[{"embeddable":true,"href":"https:\/\/shop.puntouno.it\/areatest\/wp-json\/wp\/v2\/comments?post=58"}],"version-history":[{"count":0,"href":"https:\/\/shop.puntouno.it\/areatest\/wp-json\/wp\/v2\/pages\/58\/revisions"}],"wp:attachment":[{"href":"https:\/\/shop.puntouno.it\/areatest\/wp-json\/wp\/v2\/media?parent=58"}],"curies":[{"name":"wp","href":"https:\/\/api.w.org\/{rel}","templated":true}]}}